{"id":37,"date":"2026-03-20T17:16:51","date_gmt":"2026-03-20T17:16:51","guid":{"rendered":"https:\/\/hungry-hoover.37-187-145-177.plesk.page\/?page_id=37"},"modified":"2026-04-15T17:42:42","modified_gmt":"2026-04-15T17:42:42","slug":"accueil","status":"publish","type":"page","link":"https:\/\/labientitude.fr\/blog\/accueil\/","title":{"rendered":"Accueil"},"content":{"rendered":"\n<div class=\"wp-block-cover alignfull is-dark\" style=\"padding-top:80px;padding-bottom:80px;min-height:520px;aspect-ratio:unset;\"><span aria-hidden=\"true\" class=\"wp-block-cover__background has-background-dim-60\" style=\"background-color:#1a1a2e\"><\/span><div class=\"wp-block-cover__inner-container is-layout-flow wp-block-cover-is-layout-flow\">\n\n<h1 class=\"wp-block-heading has-text-align-center\" style=\"color:#ffffff;font-size:48px;font-weight:700;margin-bottom:20px\">Titre principal du site<\/h1>\n\n\n<p class=\"has-text-align-center\" style=\"color:#e0e0e0;font-size:20px;margin-bottom:40px\">Votre accroche en une ou deux phrases. D\u00e9crivez votre valeur ajout\u00e9e ici.<\/p>\n\n\n<div class=\"wp-block-buttons is-content-justification-center is-layout-flex wp-container-core-buttons-is-layout-1a75adbf wp-block-buttons-is-layout-flex\">\n\n<div class=\"wp-block-button\"><a class=\"wp-block-button__link wp-element-button\" href=\"\/contact\">Nous contacter<\/a><\/div>\n\n\n<div class=\"wp-block-button is-style-outline is-style-outline--1\"><a class=\"wp-block-button__link wp-element-button\" href=\"\/a-propos\" style=\"color:#ffffff;background:transparent;border-color:#ffffff;border-width:2px;font-size:16px;padding-top:14px;padding-bottom:14px;padding-left:32px;padding-right:32px\">En savoir plus<\/a><\/div>\n\n<\/div>\n\n<\/div><\/div>\n\n\n\n<div class=\"wp-block-group alignfull\" style=\"background-color:#f9f9f9;padding-top:70px;padding-bottom:70px\"><div class=\"wp-block-group__inner-container is-layout-constrained wp-container-core-group-is-layout-348e4def wp-block-group-is-layout-constrained\">\n\n<div class=\"wp-block-columns are-vertically-aligned-center is-layout-flex wp-container-core-columns-is-layout-348bed09 wp-block-columns-is-layout-flex\">\n\n<div class=\"wp-block-column is-vertically-aligned-center is-layout-flow wp-block-column-is-layout-flow\">\n\n<h2 class=\"wp-block-heading\" style=\"font-size:36px;font-weight:700;margin-bottom:20px\">\u00c0 propos de nous<\/h2>\n\n\n<p style=\"font-size:17px;line-height:1.8;margin-bottom:16px\">Pr\u00e9sentez votre activit\u00e9, votre histoire ou votre expertise en quelques phrases. Expliquez ce qui vous rend unique et pourquoi vos visiteurs devraient vous faire confiance.<\/p>\n\n\n<p style=\"font-size:17px;line-height:1.8;margin-bottom:30px\">Compl\u00e9tez avec un second paragraphe pour renforcer votre message et d\u00e9velopper votre proposition de valeur.<\/p>\n\n\n<div class=\"wp-block-buttons is-layout-flex wp-block-buttons-is-layout-flex\">\n\n<div class=\"wp-block-button\"><a class=\"wp-block-button__link wp-element-button\" href=\"\/a-propos\">D\u00e9couvrir notre histoire<\/a><\/div>\n\n<\/div>\n\n<\/div>\n\n\n<div class=\"wp-block-column is-vertically-aligned-center is-layout-flow wp-block-column-is-layout-flow\">\n\n<\/div>\n\n<\/div>\n\n<\/div><\/div>\n\n\n\n<div class=\"wp-block-group alignfull\" style=\"padding-top:70px;padding-bottom:70px\"><div class=\"wp-block-group__inner-container is-layout-constrained wp-container-core-group-is-layout-348e4def wp-block-group-is-layout-constrained\">\n\n<h2 class=\"wp-block-heading has-text-align-center\" style=\"font-size:34px;font-weight:700;margin-bottom:12px\">Nos cat\u00e9gories<\/h2>\n\n\n<p class=\"has-text-align-center\" style=\"font-size:17px;margin-bottom:50px\">Explorez nos contenus par th\u00e9matique<\/p>\n\n\n<div class=\"wp-block-columns is-layout-flex wp-container-core-columns-is-layout-019f8f99 wp-block-columns-is-layout-flex\">\n\n<div class=\"wp-block-column is-layout-flow wp-block-column-is-layout-flow\">\n\n<div class=\"wp-block-group\" style=\"border-radius:12px;border:1px solid #e5e5e5;background-color:#ffffff;padding-top:32px;padding-bottom:32px;padding-left:24px;padding-right:24px\"><div class=\"wp-block-group__inner-container is-layout-constrained wp-container-core-group-is-layout-14734b6c wp-block-group-is-layout-constrained\">\n\n<p class=\"has-text-align-center\" style=\"font-size:40px;margin-bottom:16px\">\ud83d\udcc2<\/p>\n\n\n<h3 class=\"wp-block-heading has-text-align-center\" style=\"font-size:20px;font-weight:600;margin-bottom:10px\">Cat\u00e9gorie 1<\/h3>\n\n\n<p class=\"has-text-align-center\" style=\"color:#666666;font-size:15px\">Description courte de cette cat\u00e9gorie en une ou deux phrases.<\/p>\n\n\n<div class=\"wp-block-buttons is-content-justification-center is-layout-flex wp-container-core-buttons-is-layout-a1cdf876 wp-block-buttons-is-layout-flex\" style=\"margin-top:20px\">\n\n<div class=\"wp-block-button is-style-outline is-style-outline--2\"><a class=\"wp-block-button__link wp-element-button\" href=\"\/categorie\/categorie-1\">Voir les articles<\/a><\/div>\n\n<\/div>\n\n<\/div><\/div>\n\n<\/div>\n\n\n<div class=\"wp-block-column is-layout-flow wp-block-column-is-layout-flow\">\n\n<div class=\"wp-block-group\" style=\"border-radius:12px;border:1px solid #e5e5e5;background-color:#ffffff;padding-top:32px;padding-bottom:32px;padding-left:24px;padding-right:24px\"><div class=\"wp-block-group__inner-container is-layout-constrained wp-container-core-group-is-layout-14734b6c wp-block-group-is-layout-constrained\">\n\n<p class=\"has-text-align-center\" style=\"font-size:40px;margin-bottom:16px\">\ud83d\udcc2<\/p>\n\n\n<h3 class=\"wp-block-heading has-text-align-center\" style=\"font-size:20px;font-weight:600;margin-bottom:10px\">Cat\u00e9gorie 2<\/h3>\n\n\n<p class=\"has-text-align-center\" style=\"color:#666666;font-size:15px\">Description courte de cette cat\u00e9gorie en une ou deux phrases.<\/p>\n\n\n<div class=\"wp-block-buttons is-content-justification-center is-layout-flex wp-container-core-buttons-is-layout-a1cdf876 wp-block-buttons-is-layout-flex\" style=\"margin-top:20px\">\n\n<div class=\"wp-block-button is-style-outline is-style-outline--3\"><a class=\"wp-block-button__link wp-element-button\" href=\"\/categorie\/categorie-2\">Voir les articles<\/a><\/div>\n\n<\/div>\n\n<\/div><\/div>\n\n<\/div>\n\n\n<div class=\"wp-block-column is-layout-flow wp-block-column-is-layout-flow\">\n\n<div class=\"wp-block-group\" style=\"border-radius:12px;border:1px solid #e5e5e5;background-color:#ffffff;padding-top:32px;padding-bottom:32px;padding-left:24px;padding-right:24px\"><div class=\"wp-block-group__inner-container is-layout-constrained wp-container-core-group-is-layout-14734b6c wp-block-group-is-layout-constrained\">\n\n<p class=\"has-text-align-center\" style=\"font-size:40px;margin-bottom:16px\">\ud83d\udcc2<\/p>\n\n\n<h3 class=\"wp-block-heading has-text-align-center\" style=\"font-size:20px;font-weight:600;margin-bottom:10px\">Cat\u00e9gorie 3<\/h3>\n\n\n<p class=\"has-text-align-center\" style=\"color:#666666;font-size:15px\">Description courte de cette cat\u00e9gorie en une ou deux phrases.<\/p>\n\n\n<div class=\"wp-block-buttons is-content-justification-center is-layout-flex wp-container-core-buttons-is-layout-a1cdf876 wp-block-buttons-is-layout-flex\" style=\"margin-top:20px\">\n\n<div class=\"wp-block-button is-style-outline is-style-outline--4\"><a class=\"wp-block-button__link wp-element-button\" href=\"\/categorie\/categorie-3\">Voir les articles<\/a><\/div>\n\n<\/div>\n\n<\/div><\/div>\n\n<\/div>\n\n\n<div class=\"wp-block-column is-layout-flow wp-block-column-is-layout-flow\">\n\n<div class=\"wp-block-group\" style=\"border-radius:12px;border:1px solid #e5e5e5;background-color:#ffffff;padding-top:32px;padding-bottom:32px;padding-left:24px;padding-right:24px\"><div class=\"wp-block-group__inner-container is-layout-constrained wp-container-core-group-is-layout-14734b6c wp-block-group-is-layout-constrained\">\n\n<p class=\"has-text-align-center\" style=\"font-size:40px;margin-bottom:16px\">\ud83d\udcc2<\/p>\n\n\n<h3 class=\"wp-block-heading has-text-align-center\" style=\"font-size:20px;font-weight:600;margin-bottom:10px\">Cat\u00e9gorie 4<\/h3>\n\n\n<p class=\"has-text-align-center\" style=\"color:#666666;font-size:15px\">Description courte de cette cat\u00e9gorie en une ou deux phrases.<\/p>\n\n\n<div class=\"wp-block-buttons is-content-justification-center is-layout-flex wp-container-core-buttons-is-layout-a1cdf876 wp-block-buttons-is-layout-flex\" style=\"margin-top:20px\">\n\n<div class=\"wp-block-button is-style-outline is-style-outline--5\"><a class=\"wp-block-button__link wp-element-button\" href=\"\/categorie\/categorie-4\">Voir les articles<\/a><\/div>\n\n<\/div>\n\n<\/div><\/div>\n\n<\/div>\n\n<\/div>\n\n<\/div><\/div>\n\n\n\n<div class=\"wp-block-group alignfull\" style=\"background-color:#f0f4ff;padding-top:70px;padding-bottom:70px\"><div class=\"wp-block-group__inner-container is-layout-constrained wp-container-core-group-is-layout-348e4def wp-block-group-is-layout-constrained\">\n\n<h2 class=\"wp-block-heading has-text-align-center\" style=\"font-size:34px;font-weight:700;margin-bottom:12px\">Nos points forts<\/h2>\n\n\n<p class=\"has-text-align-center\" style=\"font-size:17px;margin-bottom:50px\">Ce qui fait notre diff\u00e9rence<\/p>\n\n\n<div class=\"wp-block-columns is-layout-flex wp-container-core-columns-is-layout-8f6a528b wp-block-columns-is-layout-flex\">\n\n<div class=\"wp-block-column is-layout-flow wp-block-column-is-layout-flow\">\n\n<div class=\"wp-block-group\" style=\"border-radius:12px;background-color:#ffffff;padding-top:36px;padding-bottom:36px;padding-left:28px;padding-right:28px\"><div class=\"wp-block-group__inner-container is-layout-constrained wp-container-core-group-is-layout-8910e018 wp-block-group-is-layout-constrained\">\n\n<p style=\"font-size:42px;margin-bottom:16px\">\u2b50<\/p>\n\n\n<h3 class=\"wp-block-heading\" style=\"font-size:20px;font-weight:600;margin-bottom:12px\">Point fort 1<\/h3>\n\n\n<p style=\"color:#555555;font-size:15px;line-height:1.7\">Description de ce point fort. Expliquez en quoi c&rsquo;est un avantage concret pour vos visiteurs.<\/p>\n\n<\/div><\/div>\n\n<\/div>\n\n\n<div class=\"wp-block-column is-layout-flow wp-block-column-is-layout-flow\">\n\n<div class=\"wp-block-group\" style=\"border-radius:12px;background-color:#ffffff;padding-top:36px;padding-bottom:36px;padding-left:28px;padding-right:28px\"><div class=\"wp-block-group__inner-container is-layout-constrained wp-container-core-group-is-layout-8910e018 wp-block-group-is-layout-constrained\">\n\n<p style=\"font-size:42px;margin-bottom:16px\">\ud83c\udfaf<\/p>\n\n\n<h3 class=\"wp-block-heading\" style=\"font-size:20px;font-weight:600;margin-bottom:12px\">Point fort 2<\/h3>\n\n\n<p style=\"color:#555555;font-size:15px;line-height:1.7\">Description de ce point fort. Expliquez en quoi c&rsquo;est un avantage concret pour vos visiteurs.<\/p>\n\n<\/div><\/div>\n\n<\/div>\n\n\n<div class=\"wp-block-column is-layout-flow wp-block-column-is-layout-flow\">\n\n<div class=\"wp-block-group\" style=\"border-radius:12px;background-color:#ffffff;padding-top:36px;padding-bottom:36px;padding-left:28px;padding-right:28px\"><div class=\"wp-block-group__inner-container is-layout-constrained wp-container-core-group-is-layout-8910e018 wp-block-group-is-layout-constrained\">\n\n<p style=\"font-size:42px;margin-bottom:16px\">\ud83d\udca1<\/p>\n\n\n<h3 class=\"wp-block-heading\" style=\"font-size:20px;font-weight:600;margin-bottom:12px\">Point fort 3<\/h3>\n\n\n<p style=\"color:#555555;font-size:15px;line-height:1.7\">Description de ce point fort. Expliquez en quoi c&rsquo;est un avantage concret pour vos visiteurs.<\/p>\n\n<\/div><\/div>\n\n<\/div>\n\n<\/div>\n\n<\/div><\/div>\n\n\n\n<div class=\"wp-block-group alignfull\" style=\"padding-top:70px;padding-bottom:70px\"><div class=\"wp-block-group__inner-container is-layout-constrained wp-container-core-group-is-layout-348e4def wp-block-group-is-layout-constrained\">\n\n<h2 class=\"wp-block-heading has-text-align-center\" style=\"font-size:34px;font-weight:700;margin-bottom:12px\">Derniers articles<\/h2>\n\n\n<p class=\"has-text-align-center\" style=\"font-size:17px;margin-bottom:50px\">Retrouvez nos derni\u00e8res publications<\/p>\n\n\n<div class=\"wp-block-query is-layout-flow wp-block-query-is-layout-flow\">\n<ul class=\"columns-3 wp-block-post-template is-layout-grid wp-container-core-post-template-is-layout-2fc57c17 wp-block-post-template-is-layout-grid\"><li class=\"wp-block-post post-67 post type-post status-publish format-standard has-post-thumbnail hentry category-bien-etre-mental\">\n\n<div class=\"wp-block-group\" style=\"border-radius:12px;border:1px solid #e5e5e5;background-color:#ffffff;padding-bottom:24px;overflow:hidden\"><div class=\"wp-block-group__inner-container is-layout-constrained wp-container-core-group-is-layout-f4b7718a wp-block-group-is-layout-constrained\">\n<figure class=\"wp-block-post-featured-image\"><a href=\"https:\/\/labientitude.fr\/blog\/routine-soir-protocoles\/\" target=\"_self\"  ><img loading=\"lazy\" decoding=\"async\" width=\"1344\" height=\"768\" src=\"https:\/\/labientitude.fr\/blog\/wp-content\/uploads\/2026\/05\/Routine-du-soir-8-protocoles-testes-du-minimaliste-a-lelabore.jpg\" class=\"attachment-post-thumbnail size-post-thumbnail wp-post-image\" alt=\"Routine du soir : 8 protocoles test\u00e9s (du minimaliste \u00e0 l&rsquo;\u00e9labor\u00e9)\" style=\"border-radius:0px;object-fit:cover;\" srcset=\"https:\/\/labientitude.fr\/blog\/wp-content\/uploads\/2026\/05\/Routine-du-soir-8-protocoles-testes-du-minimaliste-a-lelabore.jpg 1344w, https:\/\/labientitude.fr\/blog\/wp-content\/uploads\/2026\/05\/Routine-du-soir-8-protocoles-testes-du-minimaliste-a-lelabore-300x171.jpg 300w, https:\/\/labientitude.fr\/blog\/wp-content\/uploads\/2026\/05\/Routine-du-soir-8-protocoles-testes-du-minimaliste-a-lelabore-1024x585.jpg 1024w, https:\/\/labientitude.fr\/blog\/wp-content\/uploads\/2026\/05\/Routine-du-soir-8-protocoles-testes-du-minimaliste-a-lelabore-768x439.jpg 768w\" sizes=\"auto, (max-width: 1344px) 100vw, 1344px\" \/><\/a><\/figure>\n\n<div class=\"wp-block-group\" style=\"padding-top:20px;padding-left:20px;padding-right:20px\"><div class=\"wp-block-group__inner-container is-layout-flow wp-block-group-is-layout-flow\">\n<div style=\"color:#888888;font-size:13px;margin-bottom:8px\" class=\"taxonomy-category wp-block-post-terms has-text-color\"><a href=\"https:\/\/labientitude.fr\/blog\/category\/bien-etre-mental\/\" rel=\"tag\">Bien-\u00eatre Mental<\/a><\/div>\n<h2 style=\"font-size:18px;font-weight:600; margin-bottom:10px;\" class=\"wp-block-post-title\"><a href=\"https:\/\/labientitude.fr\/blog\/routine-soir-protocoles\/\" target=\"_self\" >Routine du soir : 8 protocoles test\u00e9s (du minimaliste \u00e0 l&rsquo;\u00e9labor\u00e9)<\/a><\/h2>\n<div style=\"color:#666666; font-size:14px;\" class=\"wp-block-post-excerpt has-text-color\"><p class=\"wp-block-post-excerpt__excerpt\">En bref Il est 22 h 47, les \u00e9paules sont encore hautes et l\u2019esprit continue de faire d\u00e9filer la to-do list. La question n\u2019est pas \u00ab comment r\u00e9ussir une routine &#8230; Lire la suite <\/p><\/div>\n<div style=\"color:#999999; font-size:13px; margin-top:12px;\" class=\"wp-block-post-date has-text-color\"><time datetime=\"2026-05-14T11:34:50+02:00\">14 mai 2026<\/time><\/div>\n<\/div><\/div>\n\n<\/div><\/div>\n\n<\/li><li class=\"wp-block-post post-64 post type-post status-publish format-standard has-post-thumbnail hentry category-sommeil\">\n\n<div class=\"wp-block-group\" style=\"border-radius:12px;border:1px solid #e5e5e5;background-color:#ffffff;padding-bottom:24px;overflow:hidden\"><div class=\"wp-block-group__inner-container is-layout-constrained wp-container-core-group-is-layout-f4b7718a wp-block-group-is-layout-constrained\">\n<figure class=\"wp-block-post-featured-image\"><a href=\"https:\/\/labientitude.fr\/blog\/cycles-sommeil-chronotype\/\" target=\"_self\"  ><img loading=\"lazy\" decoding=\"async\" width=\"1344\" height=\"768\" src=\"https:\/\/labientitude.fr\/blog\/wp-content\/uploads\/2026\/05\/Comprendre-ses-cycles-de-sommeil-et-son-chronotype.jpg\" class=\"attachment-post-thumbnail size-post-thumbnail wp-post-image\" alt=\"Comprendre ses cycles de sommeil et son chronotype\" style=\"border-radius:0px;object-fit:cover;\" srcset=\"https:\/\/labientitude.fr\/blog\/wp-content\/uploads\/2026\/05\/Comprendre-ses-cycles-de-sommeil-et-son-chronotype.jpg 1344w, https:\/\/labientitude.fr\/blog\/wp-content\/uploads\/2026\/05\/Comprendre-ses-cycles-de-sommeil-et-son-chronotype-300x171.jpg 300w, https:\/\/labientitude.fr\/blog\/wp-content\/uploads\/2026\/05\/Comprendre-ses-cycles-de-sommeil-et-son-chronotype-1024x585.jpg 1024w, https:\/\/labientitude.fr\/blog\/wp-content\/uploads\/2026\/05\/Comprendre-ses-cycles-de-sommeil-et-son-chronotype-768x439.jpg 768w\" sizes=\"auto, (max-width: 1344px) 100vw, 1344px\" \/><\/a><\/figure>\n\n<div class=\"wp-block-group\" style=\"padding-top:20px;padding-left:20px;padding-right:20px\"><div class=\"wp-block-group__inner-container is-layout-flow wp-block-group-is-layout-flow\">\n<div style=\"color:#888888;font-size:13px;margin-bottom:8px\" class=\"taxonomy-category wp-block-post-terms has-text-color\"><a href=\"https:\/\/labientitude.fr\/blog\/category\/sommeil\/\" rel=\"tag\">Sommeil<\/a><\/div>\n<h2 style=\"font-size:18px;font-weight:600; margin-bottom:10px;\" class=\"wp-block-post-title\"><a href=\"https:\/\/labientitude.fr\/blog\/cycles-sommeil-chronotype\/\" target=\"_self\" >Comprendre ses cycles de sommeil et son chronotype<\/a><\/h2>\n<div style=\"color:#666666; font-size:14px;\" class=\"wp-block-post-excerpt has-text-color\"><p class=\"wp-block-post-excerpt__excerpt\">En bref Il y a ces soir\u00e9es o\u00f9 l\u2019endormissement se fait vite\u2026 et ces autres o\u00f9 le cerveau tourne alors que le corps r\u00e9clame pause. Souvent, ce n\u2019est pas \u201cun &#8230; Lire la suite <\/p><\/div>\n<div style=\"color:#999999; font-size:13px; margin-top:12px;\" class=\"wp-block-post-date has-text-color\"><time datetime=\"2026-05-14T11:32:27+02:00\">14 mai 2026<\/time><\/div>\n<\/div><\/div>\n\n<\/div><\/div>\n\n<\/li><li class=\"wp-block-post post-1 post type-post status-publish format-standard hentry category-actualites\">\n\n<div class=\"wp-block-group\" style=\"border-radius:12px;border:1px solid #e5e5e5;background-color:#ffffff;padding-bottom:24px;overflow:hidden\"><div class=\"wp-block-group__inner-container is-layout-constrained wp-container-core-group-is-layout-f4b7718a wp-block-group-is-layout-constrained\">\n\n\n<div class=\"wp-block-group\" style=\"padding-top:20px;padding-left:20px;padding-right:20px\"><div class=\"wp-block-group__inner-container is-layout-flow wp-block-group-is-layout-flow\">\n<div style=\"color:#888888;font-size:13px;margin-bottom:8px\" class=\"taxonomy-category wp-block-post-terms has-text-color\"><a href=\"https:\/\/labientitude.fr\/blog\/category\/actualites\/\" rel=\"tag\">Actualit\u00e9s<\/a><\/div>\n<h2 style=\"font-size:18px;font-weight:600; margin-bottom:10px;\" class=\"wp-block-post-title\"><a href=\"https:\/\/labientitude.fr\/blog\/hello-world\/\" target=\"_self\" >Hello world!<\/a><\/h2>\n<div style=\"color:#666666; font-size:14px;\" class=\"wp-block-post-excerpt has-text-color\"><p class=\"wp-block-post-excerpt__excerpt\">Welcome to WordPress. This is your first post. Edit or delete it, then start writing! <\/p><\/div>\n<div style=\"color:#999999; font-size:13px; margin-top:12px;\" class=\"wp-block-post-date has-text-color\"><time datetime=\"2025-08-02T07:20:53+02:00\">2 ao\u00fbt 2025<\/time><\/div>\n<\/div><\/div>\n\n<\/div><\/div>\n\n<\/li><\/ul>\n\n<\/div>\n\n\n<div class=\"wp-block-buttons is-content-justification-center is-layout-flex wp-container-core-buttons-is-layout-bd8c938b wp-block-buttons-is-layout-flex\" style=\"margin-top:40px\">\n\n<div class=\"wp-block-button is-style-outline is-style-outline--6\"><a class=\"wp-block-button__link wp-element-button\" href=\"\/blog\">Voir tous les articles<\/a><\/div>\n\n<\/div>\n\n<\/div><\/div>\n\n\n\n<div class=\"wp-block-cover alignfull is-dark\" style=\"padding-top:80px;padding-bottom:80px\"><span aria-hidden=\"true\" class=\"wp-block-cover__background has-background-dim-90\" style=\"background-color:#1a1a2e\"><\/span><div class=\"wp-block-cover__inner-container is-layout-flow wp-block-cover-is-layout-flow\">\n\n<h2 class=\"wp-block-heading has-text-align-center\" style=\"color:#ffffff;font-size:36px;font-weight:700;margin-bottom:16px\">Vous avez un projet ?<\/h2>\n\n\n<p class=\"has-text-align-center\" style=\"color:#e0e0e0;font-size:18px;margin-bottom:36px\">Contactez-nous d\u00e8s aujourd&rsquo;hui et discutons ensemble de vos besoins.<\/p>\n\n\n<div class=\"wp-block-buttons is-content-justification-center is-layout-flex wp-container-core-buttons-is-layout-16018d1d wp-block-buttons-is-layout-flex\">\n\n<div class=\"wp-block-button\"><a class=\"wp-block-button__link wp-element-button\" href=\"\/contact\" style=\"font-size:16px;padding-top:14px;padding-bottom:14px;padding-left:36px;padding-right:36px\">Contactez-nous<\/a><\/div>\n\n<\/div>\n\n<\/div><\/div>\n","protected":false},"excerpt":{"rendered":"<p>\u00c0 propos de nous Pr\u00e9sentez votre activit\u00e9, votre histoire ou votre expertise en quelques phrases. Expliquez ce qui vous rend unique et pourquoi vos visiteurs devraient vous faire confiance. Compl\u00e9tez &#8230; <a title=\"Accueil\" class=\"read-more\" href=\"https:\/\/labientitude.fr\/blog\/accueil\/\" aria-label=\"En savoir plus sur Accueil\">Lire la suite<\/a><\/p>\n","protected":false},"author":1,"featured_media":0,"parent":0,"menu_order":0,"comment_status":"closed","ping_status":"closed","template":"","meta":{"footnotes":""},"class_list":["post-37","page","type-page","status-publish"],"_links":{"self":[{"href":"https:\/\/labientitude.fr\/blog\/wp-json\/wp\/v2\/pages\/37","targetHints":{"allow":["GET"]}}],"collection":[{"href":"https:\/\/labientitude.fr\/blog\/wp-json\/wp\/v2\/pages"}],"about":[{"href":"https:\/\/labientitude.fr\/blog\/wp-json\/wp\/v2\/types\/page"}],"author":[{"embeddable":true,"href":"https:\/\/labientitude.fr\/blog\/wp-json\/wp\/v2\/users\/1"}],"replies":[{"embeddable":true,"href":"https:\/\/labientitude.fr\/blog\/wp-json\/wp\/v2\/comments?post=37"}],"version-history":[{"count":2,"href":"https:\/\/labientitude.fr\/blog\/wp-json\/wp\/v2\/pages\/37\/revisions"}],"predecessor-version":[{"id":39,"href":"https:\/\/labientitude.fr\/blog\/wp-json\/wp\/v2\/pages\/37\/revisions\/39"}],"wp:attachment":[{"href":"https:\/\/labientitude.fr\/blog\/wp-json\/wp\/v2\/media?parent=37"}],"curies":[{"name":"wp","href":"https:\/\/api.w.org\/{rel}","templated":true}]}}